{"id":29,"date":"2023-01-24T09:10:23","date_gmt":"2023-01-24T09:10:23","guid":{"rendered":"https:\/\/maja.sara.si\/wordpress\/?page_id=29"},"modified":"2023-06-22T13:30:07","modified_gmt":"2023-06-22T13:30:07","slug":"o-nas-maja","status":"publish","type":"page","link":"https:\/\/maja.sara.si\/wordpress\/o-nas-maja\/","title":{"rendered":"Maja"},"content":{"rendered":"\t\t<div data-elementor-type=\"wp-page\" data-elementor-id=\"29\" class=\"elementor elementor-29\">\n\t\t\t\t\t\t<section class=\"elementor-section elementor-top-section elementor-element elementor-element-19f6922 elementor-section-boxed elementor-section-height-default elementor-section-height-default\" data-id=\"19f6922\" data-element_type=\"section\">\n\t\t\t\t\t\t<div class=\"elementor-container elementor-column-gap-default\">\n\t\t\t\t\t<div class=\"elementor-column elementor-col-100 elementor-top-column elementor-element elementor-element-fabe718\" data-id=\"fabe718\" data-element_type=\"column\">\n\t\t\t<div class=\"elementor-widget-wrap elementor-element-populated\">\n\t\t\t\t\t\t<div class=\"elementor-element elementor-element-115dab1 elementor-widget elementor-widget-heading\" data-id=\"115dab1\" data-element_type=\"widget\" data-widget_type=\"heading.default\">\n\t\t\t\t<div class=\"elementor-widget-container\">\n\t\t\t\t\t<h2 class=\"elementor-heading-title elementor-size-default\">Maja zbirka zapisov<\/h2>\t\t\t\t<\/div>\n\t\t\t\t<\/div>\n\t\t\t\t\t<\/div>\n\t\t<\/div>\n\t\t\t\t\t<\/div>\n\t\t<\/section>\n\t\t\t\t<section class=\"elementor-section elementor-top-section elementor-element elementor-element-becfeba elementor-section-boxed elementor-section-height-default elementor-section-height-default\" data-id=\"becfeba\" data-element_type=\"section\">\n\t\t\t\t\t\t<div class=\"elementor-container elementor-column-gap-default\">\n\t\t\t\t\t<div class=\"elementor-column elementor-col-100 elementor-top-column elementor-element elementor-element-47527a8\" data-id=\"47527a8\" data-element_type=\"column\">\n\t\t\t<div class=\"elementor-widget-wrap elementor-element-populated\">\n\t\t\t\t\t\t<div class=\"elementor-element elementor-element-8d7ff1c elementor-widget elementor-widget-text-editor\" data-id=\"8d7ff1c\" data-element_type=\"widget\" data-widget_type=\"text-editor.default\">\n\t\t\t\t<div class=\"elementor-widget-container\">\n\t\t\t\t\t\t\t\t\t<p class=\"MsoNormal\">Maja je zbirka spletnih zapisov o potovanjih, zabavi in obla\u010dilih. Nastala je iz osebnega vzgiba pisanja zapisov o prijetnih in ljudem prijaznih temah. Ljudje radi potujemo in se sre\u010dujemo z drugimi obi\u010daji, kulinariko, radi se zabavamo in tudi lepo oble\u010demo. Predvsem zabavnih in zanimivih prispevkov ter do\u017eivetij je vedno premalo. Veliko se jih pozabi, veliko novih se sproti nalaga na Facebook , Instagram, tik tok\u2026 in \u0161e kam po socialnih omre\u017ejih. Svet se spreminja in kot opazovalcu se mi zdi, da vse te\u010de kot reka. Kapljice, ki jo sestavljajo so ne\u0161tete. \u017de v enem kozarcu je veliko kapljic zato radi zapojemo in \u017eelimo drugim na rojstnih zabavah tisto \u00bbkolko kapljic, tolko let.\u00ab Tudi jaz si \u017eelim, da bodo moji zapisi kot kapljice, da jih bo veliko in da boste o njih brali z veseljem. Predvsem pa, da vas bodo malo razvajali, dali kak\u0161no novo idejo za nakup obla\u010dila, potovanje ali idejo za zabavo. Veselilo me bo, \u010de boste komentirali moje prispevke in tako pomagali zapisom biti \u0161e bolj zanimivi.\u00a0<\/p>\t\t\t\t\t\t\t\t<\/div>\n\t\t\t\t<\/div>\n\t\t\t\t\t<\/div>\n\t\t<\/div>\n\t\t\t\t\t<\/div>\n\t\t<\/section>\n\t\t\t\t<section class=\"elementor-section elementor-top-section elementor-element elementor-element-220149a elementor-section-boxed elementor-section-height-default elementor-section-height-default\" data-id=\"220149a\" data-element_type=\"section\">\n\t\t\t\t\t\t<div class=\"elementor-container elementor-column-gap-default\">\n\t\t\t\t\t<div class=\"elementor-column elementor-col-100 elementor-top-column elementor-element elementor-element-fbdd732\" data-id=\"fbdd732\" data-element_type=\"column\">\n\t\t\t<div class=\"elementor-widget-wrap elementor-element-populated\">\n\t\t\t\t\t\t<div class=\"elementor-element elementor-element-82ad183 elementor-widget elementor-widget-image\" data-id=\"82ad183\" data-element_type=\"widget\" data-widget_type=\"image.default\">\n\t\t\t\t<div class=\"elementor-widget-container\">\n\t\t\t\t\t\t\t\t\t\t\t\t\t\t\t<img fetchpriority=\"high\" decoding=\"async\" width=\"500\" height=\"333\" src=\"https:\/\/maja.sara.si\/wordpress\/wp-content\/uploads\/2023\/01\/pexels-george-dolgikh-2072169.jpg\" class=\"attachment-medium size-medium wp-image-507\" alt=\"flowers Maja\" \/>\t\t\t\t\t\t\t\t\t\t\t\t\t\t\t<\/div>\n\t\t\t\t<\/div>\n\t\t\t\t\t<\/div>\n\t\t<\/div>\n\t\t\t\t\t<\/div>\n\t\t<\/section>\n\t\t\t\t<section class=\"elementor-section elementor-top-section elementor-element elementor-element-8a20bd1 elementor-section-boxed elementor-section-height-default elementor-section-height-default\" data-id=\"8a20bd1\" data-element_type=\"section\">\n\t\t\t\t\t\t<div class=\"elementor-container elementor-column-gap-default\">\n\t\t\t\t\t<div class=\"elementor-column elementor-col-100 elementor-top-column elementor-element elementor-element-69acbbc\" data-id=\"69acbbc\" data-element_type=\"column\">\n\t\t\t<div class=\"elementor-widget-wrap elementor-element-populated\">\n\t\t\t\t\t\t<div class=\"elementor-element elementor-element-820cdff elementor-widget elementor-widget-image\" data-id=\"820cdff\" data-element_type=\"widget\" data-widget_type=\"image.default\">\n\t\t\t\t<div class=\"elementor-widget-container\">\n\t\t\t\t\t\t\t\t\t\t\t\t\t\t\t\t<a href=\"https:\/\/maja.sara.si\/wordpress\/stories\/\">\n\t\t\t\t\t\t\t<img decoding=\"async\" width=\"500\" height=\"500\" src=\"https:\/\/maja.sara.si\/wordpress\/wp-content\/uploads\/2023\/06\/letter-m-500x500.jpg\" class=\"attachment-medium size-medium wp-image-1436\" alt=\"letter M\" srcset=\"https:\/\/maja.sara.si\/wordpress\/wp-content\/uploads\/2023\/06\/letter-m-500x500.jpg 500w, https:\/\/maja.sara.si\/wordpress\/wp-content\/uploads\/2023\/06\/letter-m-1024x1024.jpg 1024w, https:\/\/maja.sara.si\/wordpress\/wp-content\/uploads\/2023\/06\/letter-m-250x250.jpg 250w, https:\/\/maja.sara.si\/wordpress\/wp-content\/uploads\/2023\/06\/letter-m-768x768.jpg 768w, https:\/\/maja.sara.si\/wordpress\/wp-content\/uploads\/2023\/06\/letter-m-510x510.jpg 510w, https:\/\/maja.sara.si\/wordpress\/wp-content\/uploads\/2023\/06\/letter-m-300x300.jpg 300w, https:\/\/maja.sara.si\/wordpress\/wp-content\/uploads\/2023\/06\/letter-m-100x100.jpg 100w\" sizes=\"(max-width: 500px) 100vw, 500px\" \/>\t\t\t\t\t\t\t\t<\/a>\n\t\t\t\t\t\t\t\t\t\t\t\t\t\t\t<\/div>\n\t\t\t\t<\/div>\n\t\t\t\t\t<\/div>\n\t\t<\/div>\n\t\t\t\t\t<\/div>\n\t\t<\/section>\n\t\t\t\t<\/div>\n\t\t","protected":false},"excerpt":{"rendered":"<p>Maja zbirka zapisov Maja je zbirka spletnih zapisov o potovanjih, zabavi in obla\u010dilih. Nastala je iz osebnega vzgiba pisanja zapisov o prijetnih in ljudem prijaznih temah. Ljudje radi potujemo in se sre\u010dujemo z drugimi obi\u010daji, kulinariko, radi se zabavamo in tudi lepo oble\u010demo. Predvsem zabavnih in zanimivih prispevkov ter do\u017eivetij je vedno premalo. Veliko se [&hellip;]<\/p>\n","protected":false},"author":1,"featured_media":507,"parent":0,"menu_order":0,"comment_status":"closed","ping_status":"closed","template":"","meta":{"footnotes":""},"class_list":["post-29","page","type-page","status-publish","has-post-thumbnail","czr-hentry"],"yoast_head":"<!-- This site is optimized with the Yoast SEO plugin v24.6 - https:\/\/yoast.com\/wordpress\/plugins\/seo\/ -->\n<title>Maja - Maja - stories<\/title>\n<meta name=\"description\" content=\"Maja je spletni blog kjer lahko berete o zanimivih temah kot so potovanja, obla\u010dila, zabava. Zabavne stvari za zabavne ljudi!\" \/>\n<meta name=\"robots\" content=\"index, follow, max-snippet:-1, max-image-preview:large, max-video-preview:-1\" \/>\n<link rel=\"canonical\" href=\"https:\/\/maja.sara.si\/wordpress\/o-nas-maja\/\" \/>\n<meta property=\"og:locale\" content=\"en_US\" \/>\n<meta property=\"og:type\" content=\"article\" \/>\n<meta property=\"og:title\" content=\"Maja - Maja - stories\" \/>\n<meta property=\"og:description\" content=\"Maja je spletni blog kjer lahko berete o zanimivih temah kot so potovanja, obla\u010dila, zabava. Zabavne stvari za zabavne ljudi!\" \/>\n<meta property=\"og:url\" content=\"https:\/\/maja.sara.si\/wordpress\/o-nas-maja\/\" \/>\n<meta property=\"og:site_name\" content=\"Maja - stories\" \/>\n<meta property=\"article:modified_time\" content=\"2023-06-22T13:30:07+00:00\" \/>\n<meta property=\"og:image\" content=\"https:\/\/maja.sara.si\/wordpress\/wp-content\/uploads\/2023\/01\/pexels-george-dolgikh-2072169.jpg\" \/>\n\t<meta property=\"og:image:width\" content=\"600\" \/>\n\t<meta property=\"og:image:height\" content=\"400\" \/>\n\t<meta property=\"og:image:type\" content=\"image\/jpeg\" \/>\n<meta name=\"twitter:card\" content=\"summary_large_image\" \/>\n<meta name=\"twitter:label1\" content=\"Est. reading time\" \/>\n\t<meta name=\"twitter:data1\" content=\"2 minutes\" \/>\n<script type=\"application\/ld+json\" class=\"yoast-schema-graph\">{\"@context\":\"https:\/\/schema.org\",\"@graph\":[{\"@type\":\"WebPage\",\"@id\":\"https:\/\/maja.sara.si\/wordpress\/o-nas-maja\/\",\"url\":\"https:\/\/maja.sara.si\/wordpress\/o-nas-maja\/\",\"name\":\"Maja - Maja - stories\",\"isPartOf\":{\"@id\":\"https:\/\/maja.sara.si\/wordpress\/#website\"},\"primaryImageOfPage\":{\"@id\":\"https:\/\/maja.sara.si\/wordpress\/o-nas-maja\/#primaryimage\"},\"image\":{\"@id\":\"https:\/\/maja.sara.si\/wordpress\/o-nas-maja\/#primaryimage\"},\"thumbnailUrl\":\"https:\/\/maja.sara.si\/wordpress\/wp-content\/uploads\/2023\/01\/pexels-george-dolgikh-2072169.jpg\",\"datePublished\":\"2023-01-24T09:10:23+00:00\",\"dateModified\":\"2023-06-22T13:30:07+00:00\",\"description\":\"Maja je spletni blog kjer lahko berete o zanimivih temah kot so potovanja, obla\u010dila, zabava. Zabavne stvari za zabavne ljudi!\",\"breadcrumb\":{\"@id\":\"https:\/\/maja.sara.si\/wordpress\/o-nas-maja\/#breadcrumb\"},\"inLanguage\":\"en-US\",\"potentialAction\":[{\"@type\":\"ReadAction\",\"target\":[\"https:\/\/maja.sara.si\/wordpress\/o-nas-maja\/\"]}]},{\"@type\":\"ImageObject\",\"inLanguage\":\"en-US\",\"@id\":\"https:\/\/maja.sara.si\/wordpress\/o-nas-maja\/#primaryimage\",\"url\":\"https:\/\/maja.sara.si\/wordpress\/wp-content\/uploads\/2023\/01\/pexels-george-dolgikh-2072169.jpg\",\"contentUrl\":\"https:\/\/maja.sara.si\/wordpress\/wp-content\/uploads\/2023\/01\/pexels-george-dolgikh-2072169.jpg\",\"width\":600,\"height\":400,\"caption\":\"flowers Maja\"},{\"@type\":\"BreadcrumbList\",\"@id\":\"https:\/\/maja.sara.si\/wordpress\/o-nas-maja\/#breadcrumb\",\"itemListElement\":[{\"@type\":\"ListItem\",\"position\":1,\"name\":\"Home\",\"item\":\"https:\/\/maja.sara.si\/wordpress\/\"},{\"@type\":\"ListItem\",\"position\":2,\"name\":\"Maja\"}]},{\"@type\":\"WebSite\",\"@id\":\"https:\/\/maja.sara.si\/wordpress\/#website\",\"url\":\"https:\/\/maja.sara.si\/wordpress\/\",\"name\":\"Maja - stories\",\"description\":\"\",\"publisher\":{\"@id\":\"https:\/\/maja.sara.si\/wordpress\/#organization\"},\"potentialAction\":[{\"@type\":\"SearchAction\",\"target\":{\"@type\":\"EntryPoint\",\"urlTemplate\":\"https:\/\/maja.sara.si\/wordpress\/?s={search_term_string}\"},\"query-input\":{\"@type\":\"PropertyValueSpecification\",\"valueRequired\":true,\"valueName\":\"search_term_string\"}}],\"inLanguage\":\"en-US\"},{\"@type\":\"Organization\",\"@id\":\"https:\/\/maja.sara.si\/wordpress\/#organization\",\"name\":\"SARA\",\"url\":\"https:\/\/maja.sara.si\/wordpress\/\",\"logo\":{\"@type\":\"ImageObject\",\"inLanguage\":\"en-US\",\"@id\":\"https:\/\/maja.sara.si\/wordpress\/#\/schema\/logo\/image\/\",\"url\":\"https:\/\/maja.sara.si\/wordpress\/wp-content\/uploads\/2023\/01\/pexels-jan-van-der-wolf-11672652.jpg\",\"contentUrl\":\"https:\/\/maja.sara.si\/wordpress\/wp-content\/uploads\/2023\/01\/pexels-jan-van-der-wolf-11672652.jpg\",\"width\":400,\"height\":266,\"caption\":\"SARA\"},\"image\":{\"@id\":\"https:\/\/maja.sara.si\/wordpress\/#\/schema\/logo\/image\/\"}}]}<\/script>\n<!-- \/ Yoast SEO plugin. -->","yoast_head_json":{"title":"Maja - Maja - stories","description":"Maja je spletni blog kjer lahko berete o zanimivih temah kot so potovanja, obla\u010dila, zabava. Zabavne stvari za zabavne ljudi!","robots":{"index":"index","follow":"follow","max-snippet":"max-snippet:-1","max-image-preview":"max-image-preview:large","max-video-preview":"max-video-preview:-1"},"canonical":"https:\/\/maja.sara.si\/wordpress\/o-nas-maja\/","og_locale":"en_US","og_type":"article","og_title":"Maja - Maja - stories","og_description":"Maja je spletni blog kjer lahko berete o zanimivih temah kot so potovanja, obla\u010dila, zabava. Zabavne stvari za zabavne ljudi!","og_url":"https:\/\/maja.sara.si\/wordpress\/o-nas-maja\/","og_site_name":"Maja - stories","article_modified_time":"2023-06-22T13:30:07+00:00","og_image":[{"width":600,"height":400,"url":"https:\/\/maja.sara.si\/wordpress\/wp-content\/uploads\/2023\/01\/pexels-george-dolgikh-2072169.jpg","type":"image\/jpeg"}],"twitter_card":"summary_large_image","twitter_misc":{"Est. reading time":"2 minutes"},"schema":{"@context":"https:\/\/schema.org","@graph":[{"@type":"WebPage","@id":"https:\/\/maja.sara.si\/wordpress\/o-nas-maja\/","url":"https:\/\/maja.sara.si\/wordpress\/o-nas-maja\/","name":"Maja - Maja - stories","isPartOf":{"@id":"https:\/\/maja.sara.si\/wordpress\/#website"},"primaryImageOfPage":{"@id":"https:\/\/maja.sara.si\/wordpress\/o-nas-maja\/#primaryimage"},"image":{"@id":"https:\/\/maja.sara.si\/wordpress\/o-nas-maja\/#primaryimage"},"thumbnailUrl":"https:\/\/maja.sara.si\/wordpress\/wp-content\/uploads\/2023\/01\/pexels-george-dolgikh-2072169.jpg","datePublished":"2023-01-24T09:10:23+00:00","dateModified":"2023-06-22T13:30:07+00:00","description":"Maja je spletni blog kjer lahko berete o zanimivih temah kot so potovanja, obla\u010dila, zabava. Zabavne stvari za zabavne ljudi!","breadcrumb":{"@id":"https:\/\/maja.sara.si\/wordpress\/o-nas-maja\/#breadcrumb"},"inLanguage":"en-US","potentialAction":[{"@type":"ReadAction","target":["https:\/\/maja.sara.si\/wordpress\/o-nas-maja\/"]}]},{"@type":"ImageObject","inLanguage":"en-US","@id":"https:\/\/maja.sara.si\/wordpress\/o-nas-maja\/#primaryimage","url":"https:\/\/maja.sara.si\/wordpress\/wp-content\/uploads\/2023\/01\/pexels-george-dolgikh-2072169.jpg","contentUrl":"https:\/\/maja.sara.si\/wordpress\/wp-content\/uploads\/2023\/01\/pexels-george-dolgikh-2072169.jpg","width":600,"height":400,"caption":"flowers Maja"},{"@type":"BreadcrumbList","@id":"https:\/\/maja.sara.si\/wordpress\/o-nas-maja\/#breadcrumb","itemListElement":[{"@type":"ListItem","position":1,"name":"Home","item":"https:\/\/maja.sara.si\/wordpress\/"},{"@type":"ListItem","position":2,"name":"Maja"}]},{"@type":"WebSite","@id":"https:\/\/maja.sara.si\/wordpress\/#website","url":"https:\/\/maja.sara.si\/wordpress\/","name":"Maja - stories","description":"","publisher":{"@id":"https:\/\/maja.sara.si\/wordpress\/#organization"},"potentialAction":[{"@type":"SearchAction","target":{"@type":"EntryPoint","urlTemplate":"https:\/\/maja.sara.si\/wordpress\/?s={search_term_string}"},"query-input":{"@type":"PropertyValueSpecification","valueRequired":true,"valueName":"search_term_string"}}],"inLanguage":"en-US"},{"@type":"Organization","@id":"https:\/\/maja.sara.si\/wordpress\/#organization","name":"SARA","url":"https:\/\/maja.sara.si\/wordpress\/","logo":{"@type":"ImageObject","inLanguage":"en-US","@id":"https:\/\/maja.sara.si\/wordpress\/#\/schema\/logo\/image\/","url":"https:\/\/maja.sara.si\/wordpress\/wp-content\/uploads\/2023\/01\/pexels-jan-van-der-wolf-11672652.jpg","contentUrl":"https:\/\/maja.sara.si\/wordpress\/wp-content\/uploads\/2023\/01\/pexels-jan-van-der-wolf-11672652.jpg","width":400,"height":266,"caption":"SARA"},"image":{"@id":"https:\/\/maja.sara.si\/wordpress\/#\/schema\/logo\/image\/"}}]}},"_links":{"self":[{"href":"https:\/\/maja.sara.si\/wordpress\/wp-json\/wp\/v2\/pages\/29","targetHints":{"allow":["GET"]}}],"collection":[{"href":"https:\/\/maja.sara.si\/wordpress\/wp-json\/wp\/v2\/pages"}],"about":[{"href":"https:\/\/maja.sara.si\/wordpress\/wp-json\/wp\/v2\/types\/page"}],"author":[{"embeddable":true,"href":"https:\/\/maja.sara.si\/wordpress\/wp-json\/wp\/v2\/users\/1"}],"replies":[{"embeddable":true,"href":"https:\/\/maja.sara.si\/wordpress\/wp-json\/wp\/v2\/comments?post=29"}],"version-history":[{"count":29,"href":"https:\/\/maja.sara.si\/wordpress\/wp-json\/wp\/v2\/pages\/29\/revisions"}],"predecessor-version":[{"id":1478,"href":"https:\/\/maja.sara.si\/wordpress\/wp-json\/wp\/v2\/pages\/29\/revisions\/1478"}],"wp:featuredmedia":[{"embeddable":true,"href":"https:\/\/maja.sara.si\/wordpress\/wp-json\/wp\/v2\/media\/507"}],"wp:attachment":[{"href":"https:\/\/maja.sara.si\/wordpress\/wp-json\/wp\/v2\/media?parent=29"}],"curies":[{"name":"wp","href":"https:\/\/api.w.org\/{rel}","templated":true}]}}